{"id":186,"date":"2025-02-11T15:01:21","date_gmt":"2025-02-11T14:01:21","guid":{"rendered":"https:\/\/wwwsarlkubowski.com\/?page_id=186"},"modified":"2025-02-11T15:03:28","modified_gmt":"2025-02-11T14:03:28","slug":"insta","status":"publish","type":"page","link":"https:\/\/wwwsarlkubowski.com\/index.php\/insta\/","title":{"rendered":"insta"},"content":{"rendered":"<p>[et_pb_section fb_built=\u00a0\u00bb1&Prime; admin_label=\u00a0\u00bbHeader\u00a0\u00bb _builder_version=\u00a0\u00bb4.21.0&Prime; _module_preset=\u00a0\u00bbdefault\u00a0\u00bb background_image=\u00a0\u00bbhttps:\/\/wwwsarlkubowski.com\/wp-content\/uploads\/2025\/02\/fond-03.png\u00a0\u00bb parallax=\u00a0\u00bbon\u00a0\u00bb custom_padding=\u00a0\u00bb6.6%|0px|0vw||false|false\u00a0\u00bb border_radii=\u00a0\u00bboff|||0vw|0vw\u00a0\u00bb collapsed=\u00a0\u00bbon\u00a0\u00bb global_colors_info=\u00a0\u00bb{}\u00a0\u00bb][et_pb_row _builder_version=\u00a0\u00bb4.24.0&Prime; _module_preset=\u00a0\u00bbdefault\u00a0\u00bb max_width=\u00a0\u00bb1800px\u00a0\u00bb global_colors_info=\u00a0\u00bb{}\u00a0\u00bb][et_pb_column type=\u00a0\u00bb4_4&Prime; _builder_version=\u00a0\u00bb4.22.0&Prime; _module_preset=\u00a0\u00bbdefault\u00a0\u00bb global_colors_info=\u00a0\u00bb{}\u00a0\u00bb][et_pb_text _builder_version=\u00a0\u00bb4.21.0&Prime; _module_preset=\u00a0\u00bbf94c5da5-5b5d-46a3-9bcf-d13cd9a99a8a\u00a0\u00bb header_font=\u00a0\u00bbOswald|700|||||||\u00a0\u00bb max_width=\u00a0\u00bb1440px\u00a0\u00bb custom_margin=\u00a0\u00bb||10px||false|false\u00a0\u00bb custom_padding=\u00a0\u00bb||67px|||\u00a0\u00bb header_font_size_phone=\u00a0\u00bb230%\u00a0\u00bb global_colors_info=\u00a0\u00bb{}\u00a0\u00bb]<\/p>\n<h1 style=\"text-align: center;\">Bient\u00f4t sur Instagram<\/h1>\n<p>[\/et_pb_text][\/et_pb_column][\/et_pb_row][\/et_pb_section][et_pb_section fb_built=\u00a0\u00bb1&Prime; admin_label=\u00a0\u00bbAbout\u00a0\u00bb _builder_version=\u00a0\u00bb4.24.0&Prime; _module_preset=\u00a0\u00bbdefault\u00a0\u00bb custom_padding=\u00a0\u00bb2px|||||\u00a0\u00bb collapsed=\u00a0\u00bbon\u00a0\u00bb global_colors_info=\u00a0\u00bb{}\u00a0\u00bb][et_pb_row column_structure=\u00a0\u00bb2_5,3_5&Prime; _builder_version=\u00a0\u00bb4.21.0&Prime; _module_preset=\u00a0\u00bbdefault\u00a0\u00bb max_width=\u00a0\u00bb1800px\u00a0\u00bb global_colors_info=\u00a0\u00bb{}\u00a0\u00bb][et_pb_column type=\u00a0\u00bb2_5&Prime; _builder_version=\u00a0\u00bb4.22.0&Prime; _module_preset=\u00a0\u00bbdefault\u00a0\u00bb global_colors_info=\u00a0\u00bb{}\u00a0\u00bb][et_pb_image src=\u00a0\u00bbhttps:\/\/wwwsarlkubowski.com\/wp-content\/uploads\/2025\/02\/insta-02-scaled.jpg\u00a0\u00bb title_text=\u00a0\u00bbinsta-02&Prime; align=\u00a0\u00bbcenter\u00a0\u00bb _builder_version=\u00a0\u00bb4.21.0&Prime; _module_preset=\u00a0\u00bbdefault\u00a0\u00bb global_colors_info=\u00a0\u00bb{}\u00a0\u00bb][\/et_pb_image][\/et_pb_column][et_pb_column type=\u00a0\u00bb3_5&Prime; _builder_version=\u00a0\u00bb4.21.0&Prime; _module_preset=\u00a0\u00bbdefault\u00a0\u00bb global_colors_info=\u00a0\u00bb{}\u00a0\u00bb][et_pb_text _builder_version=\u00a0\u00bb4.21.0&Prime; _module_preset=\u00a0\u00bbb29a2d96-7fb4-4982-a1f6-bc2f8006cec9&Prime; text_text_color=\u00a0\u00bbgcid-2490e176-5733-4f77-b033-d0b72133e372&Prime; header_4_font=\u00a0\u00bb|300|||||||\u00a0\u00bb header_4_font_size=\u00a0\u00bb180%\u00a0\u00bb max_width=\u00a0\u00bb1440px\u00a0\u00bb custom_padding=\u00a0\u00bb175px||0px||false|false\u00a0\u00bb global_colors_info=\u00a0\u00bb{%22gcid-2490e176-5733-4f77-b033-d0b72133e372%22:%91%22text_text_color%22%93}\u00a0\u00bb]<\/p>\n<h4 style=\"text-align: justify;\">La SARL Kubowski lance bient\u00f4t son compte Instagram ! Suivez-nous pour d\u00e9couvrir nos r\u00e9alisations en couverture, bardage et charpente m\u00e9tallique, ainsi que nos projets en cours. Restez connect\u00e9s pour des conseils, des inspirations et un aper\u00e7u de notre savoir-faire.<\/h4>\n<p>[\/et_pb_text][\/et_pb_column][\/et_pb_row][\/et_pb_section][et_pb_section fb_built=\u00a0\u00bb1&Prime; specialty=\u00a0\u00bbon\u00a0\u00bb admin_label=\u00a0\u00bbFooter\u00a0\u00bb _builder_version=\u00a0\u00bb4.21.0&Prime; _module_preset=\u00a0\u00bbdefault\u00a0\u00bb background_color=\u00a0\u00bbgcid-a93f2103-1d8b-43bb-b21d-81d84bba8b15&Prime; inner_max_width=\u00a0\u00bb1800px\u00a0\u00bb overflow-x=\u00a0\u00bbhidden\u00a0\u00bb overflow-y=\u00a0\u00bbhidden\u00a0\u00bb custom_padding=\u00a0\u00bb||0px|||\u00a0\u00bb saved_tabs=\u00a0\u00bball\u00a0\u00bb global_colors_info=\u00a0\u00bb{%22gcid-a93f2103-1d8b-43bb-b21d-81d84bba8b15%22:%91%22background_color%22%93}\u00a0\u00bb][et_pb_column type=\u00a0\u00bb3_4&Prime; specialty_columns=\u00a0\u00bb3&Prime; _builder_version=\u00a0\u00bb4.16&Prime; _module_preset=\u00a0\u00bbdefault\u00a0\u00bb custom_padding=\u00a0\u00bb|||\u00a0\u00bb global_colors_info=\u00a0\u00bb{}\u00a0\u00bb custom_padding__hover=\u00a0\u00bb|||\u00a0\u00bb][et_pb_row_inner _builder_version=\u00a0\u00bb4.21.0&Prime; _module_preset=\u00a0\u00bbdefault\u00a0\u00bb custom_padding=\u00a0\u00bb||20px||false|false\u00a0\u00bb locked=\u00a0\u00bboff\u00a0\u00bb global_colors_info=\u00a0\u00bb{}\u00a0\u00bb][et_pb_column_inner saved_specialty_column_type=\u00a0\u00bb3_4&Prime; _builder_version=\u00a0\u00bb4.22.0&Prime; _module_preset=\u00a0\u00bbdefault\u00a0\u00bb global_colors_info=\u00a0\u00bb{}\u00a0\u00bb][et_pb_image src=\u00a0\u00bbhttps:\/\/wwwsarlkubowski.com\/wp-content\/uploads\/2025\/02\/logo-01.png\u00a0\u00bb title_text=\u00a0\u00bblogo-01&Prime; _builder_version=\u00a0\u00bb4.21.0&Prime; _module_preset=\u00a0\u00bbdefault\u00a0\u00bb width=\u00a0\u00bb40%\u00a0\u00bb custom_padding=\u00a0\u00bb||5%||false|false\u00a0\u00bb global_colors_info=\u00a0\u00bb{}\u00a0\u00bb][\/et_pb_image][\/et_pb_column_inner][\/et_pb_row_inner][et_pb_row_inner column_structure=\u00a0\u00bb1_2,1_2&Prime; _builder_version=\u00a0\u00bb4.21.0&Prime; _module_preset=\u00a0\u00bbdefault\u00a0\u00bb custom_padding=\u00a0\u00bb0px|||||\u00a0\u00bb locked=\u00a0\u00bboff\u00a0\u00bb global_colors_info=\u00a0\u00bb{}\u00a0\u00bb][et_pb_column_inner type=\u00a0\u00bb1_2&Prime; saved_specialty_column_type=\u00a0\u00bb3_4&Prime; _builder_version=\u00a0\u00bb4.22.0&Prime; _module_preset=\u00a0\u00bbdefault\u00a0\u00bb global_colors_info=\u00a0\u00bb{}\u00a0\u00bb][et_pb_blurb title=\u00a0\u00bbAddresse\u00a0\u00bb image_icon_background_color=\u00a0\u00bbgcid-a93f2103-1d8b-43bb-b21d-81d84bba8b15&Prime; _builder_version=\u00a0\u00bb4.21.0&Prime; _module_preset=\u00a0\u00bb23a744ff-051a-412c-a47c-91966718167b\u00a0\u00bb custom_margin=\u00a0\u00bb||30px||false|false\u00a0\u00bb locked=\u00a0\u00bboff\u00a0\u00bb global_colors_info=\u00a0\u00bb{%22gcid-779a3d53-700b-4950-9fae-611323b51b16%22:%91%22body_link_text_color%22%93,%22gcid-a93f2103-1d8b-43bb-b21d-81d84bba8b15%22:%91%22image_icon_background_color%22%93}\u00a0\u00bb]<\/p>\n<p><span>Lestrem, France, 62136<\/span><\/p>\n<p>[\/et_pb_blurb][et_pb_blurb title=\u00a0\u00bbPortable\u00a0\u00bb image_icon_background_color=\u00a0\u00bbgcid-a93f2103-1d8b-43bb-b21d-81d84bba8b15&Prime; _builder_version=\u00a0\u00bb4.21.0&Prime; _module_preset=\u00a0\u00bb23a744ff-051a-412c-a47c-91966718167b\u00a0\u00bb custom_margin=\u00a0\u00bb||30px||false|false\u00a0\u00bb locked=\u00a0\u00bboff\u00a0\u00bb global_colors_info=\u00a0\u00bb{%22gcid-779a3d53-700b-4950-9fae-611323b51b16%22:%91%22body_link_text_color%22,%22body_link_text_color%22,%22body_link_text_color%22%93,%22gcid-a93f2103-1d8b-43bb-b21d-81d84bba8b15%22:%91%22image_icon_background_color%22,%22image_icon_background_color%22,%22image_icon_background_color%22%93}\u00a0\u00bb]<\/p>\n<p><span>0788380427<\/span><\/p>\n<p>[\/et_pb_blurb][\/et_pb_column_inner][et_pb_column_inner type=\u00a0\u00bb1_2&Prime; saved_specialty_column_type=\u00a0\u00bb3_4&Prime; _builder_version=\u00a0\u00bb4.22.0&Prime; _module_preset=\u00a0\u00bbdefault\u00a0\u00bb global_colors_info=\u00a0\u00bb{}\u00a0\u00bb][et_pb_blurb title=\u00a0\u00bbEmail\u00a0\u00bb image_icon_background_color=\u00a0\u00bbgcid-a93f2103-1d8b-43bb-b21d-81d84bba8b15&Prime; _builder_version=\u00a0\u00bb4.21.0&Prime; _module_preset=\u00a0\u00bb23a744ff-051a-412c-a47c-91966718167b\u00a0\u00bb custom_margin=\u00a0\u00bb||30px||false|false\u00a0\u00bb locked=\u00a0\u00bboff\u00a0\u00bb global_colors_info=\u00a0\u00bb{%22gcid-779a3d53-700b-4950-9fae-611323b51b16%22:%91%22body_link_text_color%22,%22body_link_text_color%22,%22body_link_text_color%22%93,%22gcid-a93f2103-1d8b-43bb-b21d-81d84bba8b15%22:%91%22image_icon_background_color%22,%22image_icon_background_color%22,%22image_icon_background_color%22%93}\u00a0\u00bb]<\/p>\n<p><span style=\"text-decoration: underline;\">kubowski.rudy@outlook.fr<\/span><\/p>\n<p>[\/et_pb_blurb][et_pb_button button_url=\u00a0\u00bb@ET-DC@eyJkeW5hbWljIjp0cnVlLCJjb250ZW50IjoicG9zdF9saW5rX3VybF9wYWdlIiwic2V0dGluZ3MiOnsicG9zdF9pZCI6IjE2In19@\u00a0\u00bb button_text=\u00a0\u00bbNous contacter\u00a0\u00bb _builder_version=\u00a0\u00bb4.21.0&Prime; _dynamic_attributes=\u00a0\u00bbbutton_url\u00a0\u00bb _module_preset=\u00a0\u00bb6edd7e08-df8d-44a2-a146-439b70a3b5db\u00a0\u00bb button_bg_color=\u00a0\u00bb#000000&Prime; locked=\u00a0\u00bboff\u00a0\u00bb global_colors_info=\u00a0\u00bb{}\u00a0\u00bb][\/et_pb_button][\/et_pb_column_inner][\/et_pb_row_inner][\/et_pb_column][et_pb_column type=\u00a0\u00bb1_4&Prime; _builder_version=\u00a0\u00bb4.16&Prime; _module_preset=\u00a0\u00bbdefault\u00a0\u00bb custom_padding=\u00a0\u00bb|||\u00a0\u00bb global_colors_info=\u00a0\u00bb{}\u00a0\u00bb custom_padding__hover=\u00a0\u00bb|||\u00a0\u00bb][\/et_pb_column][\/et_pb_section]<\/p>\n","protected":false},"excerpt":{"rendered":"<p>Bient\u00f4t sur InstagramLa SARL Kubowski lance bient\u00f4t son compte Instagram ! Suivez-nous pour d\u00e9couvrir nos r\u00e9alisations en couverture, bardage et charpente m\u00e9tallique, ainsi que nos projets en cours. Restez connect\u00e9s pour des conseils, des inspirations et un aper\u00e7u de notre savoir-faire.Lestrem, France, 621360788380427kubowski.rudy@outlook.fr<\/p>\n","protected":false},"author":1,"featured_media":0,"parent":0,"menu_order":0,"comment_status":"closed","ping_status":"closed","template":"","meta":{"_et_pb_use_builder":"on","_et_pb_old_content":"","_et_gb_content_width":"","footnotes":""},"class_list":["post-186","page","type-page","status-publish","hentry"],"yoast_head":"<!-- This site is optimized with the Yoast SEO plugin v24.8.1 - https:\/\/yoast.com\/wordpress\/plugins\/seo\/ -->\n<title>insta - Sarl Kubowski<\/title>\n<meta name=\"robots\" content=\"index, follow, max-snippet:-1, max-image-preview:large, max-video-preview:-1\" \/>\n<link rel=\"canonical\" href=\"https:\/\/wwwsarlkubowski.com\/index.php\/insta\/\" \/>\n<meta property=\"og:locale\" content=\"fr_FR\" \/>\n<meta property=\"og:type\" content=\"article\" \/>\n<meta property=\"og:title\" content=\"insta - Sarl Kubowski\" \/>\n<meta property=\"og:description\" content=\"Bient\u00f4t sur InstagramLa SARL Kubowski lance bient\u00f4t son compte Instagram ! Suivez-nous pour d\u00e9couvrir nos r\u00e9alisations en couverture, bardage et charpente m\u00e9tallique, ainsi que nos projets en cours. Restez connect\u00e9s pour des conseils, des inspirations et un aper\u00e7u de notre savoir-faire.Lestrem, France, 621360788380427kubowski.rudy@outlook.fr\" \/>\n<meta property=\"og:url\" content=\"https:\/\/wwwsarlkubowski.com\/index.php\/insta\/\" \/>\n<meta property=\"og:site_name\" content=\"Sarl Kubowski\" \/>\n<meta property=\"article:publisher\" content=\"https:\/\/www.facebook.com\/profile.php?id=100057232698494\" \/>\n<meta property=\"article:modified_time\" content=\"2025-02-11T14:03:28+00:00\" \/>\n<meta property=\"og:image\" content=\"https:\/\/wwwsarlkubowski.com\/wp-content\/uploads\/2025\/02\/logo-01-01.png\" \/>\n\t<meta property=\"og:image:width\" content=\"2335\" \/>\n\t<meta property=\"og:image:height\" content=\"512\" \/>\n\t<meta property=\"og:image:type\" content=\"image\/png\" \/>\n<meta name=\"twitter:card\" content=\"summary_large_image\" \/>\n<meta name=\"twitter:label1\" content=\"Dur\u00e9e de lecture estim\u00e9e\" \/>\n\t<meta name=\"twitter:data1\" content=\"4 minutes\" \/>\n<script type=\"application\/ld+json\" class=\"yoast-schema-graph\">{\"@context\":\"https:\/\/schema.org\",\"@graph\":[{\"@type\":\"WebPage\",\"@id\":\"https:\/\/wwwsarlkubowski.com\/index.php\/insta\/\",\"url\":\"https:\/\/wwwsarlkubowski.com\/index.php\/insta\/\",\"name\":\"insta - Sarl Kubowski\",\"isPartOf\":{\"@id\":\"https:\/\/wwwsarlkubowski.com\/#website\"},\"datePublished\":\"2025-02-11T14:01:21+00:00\",\"dateModified\":\"2025-02-11T14:03:28+00:00\",\"breadcrumb\":{\"@id\":\"https:\/\/wwwsarlkubowski.com\/index.php\/insta\/#breadcrumb\"},\"inLanguage\":\"fr-FR\",\"potentialAction\":[{\"@type\":\"ReadAction\",\"target\":[\"https:\/\/wwwsarlkubowski.com\/index.php\/insta\/\"]}]},{\"@type\":\"BreadcrumbList\",\"@id\":\"https:\/\/wwwsarlkubowski.com\/index.php\/insta\/#breadcrumb\",\"itemListElement\":[{\"@type\":\"ListItem\",\"position\":1,\"name\":\"Accueil\",\"item\":\"https:\/\/wwwsarlkubowski.com\/\"},{\"@type\":\"ListItem\",\"position\":2,\"name\":\"insta\"}]},{\"@type\":\"WebSite\",\"@id\":\"https:\/\/wwwsarlkubowski.com\/#website\",\"url\":\"https:\/\/wwwsarlkubowski.com\/\",\"name\":\"Sarl Kubowski\",\"description\":\"Couverture - Bardage - Charpente M\u00e9tallique\",\"publisher\":{\"@id\":\"https:\/\/wwwsarlkubowski.com\/#organization\"},\"alternateName\":\"wwwsarlkubowski.fr\",\"potentialAction\":[{\"@type\":\"SearchAction\",\"target\":{\"@type\":\"EntryPoint\",\"urlTemplate\":\"https:\/\/wwwsarlkubowski.com\/?s={search_term_string}\"},\"query-input\":{\"@type\":\"PropertyValueSpecification\",\"valueRequired\":true,\"valueName\":\"search_term_string\"}}],\"inLanguage\":\"fr-FR\"},{\"@type\":\"Organization\",\"@id\":\"https:\/\/wwwsarlkubowski.com\/#organization\",\"name\":\"Sarl Kubowski\",\"url\":\"https:\/\/wwwsarlkubowski.com\/\",\"logo\":{\"@type\":\"ImageObject\",\"inLanguage\":\"fr-FR\",\"@id\":\"https:\/\/wwwsarlkubowski.com\/#\/schema\/logo\/image\/\",\"url\":\"http:\/\/wwwsarlkubowski.com\/wp-content\/uploads\/2025\/02\/logo-01.png\",\"contentUrl\":\"http:\/\/wwwsarlkubowski.com\/wp-content\/uploads\/2025\/02\/logo-01.png\",\"width\":2335,\"height\":642,\"caption\":\"Sarl Kubowski\"},\"image\":{\"@id\":\"https:\/\/wwwsarlkubowski.com\/#\/schema\/logo\/image\/\"},\"sameAs\":[\"https:\/\/www.facebook.com\/profile.php?id=100057232698494\"]}]}<\/script>\n<!-- \/ Yoast SEO plugin. -->","yoast_head_json":{"title":"insta - Sarl Kubowski","robots":{"index":"index","follow":"follow","max-snippet":"max-snippet:-1","max-image-preview":"max-image-preview:large","max-video-preview":"max-video-preview:-1"},"canonical":"https:\/\/wwwsarlkubowski.com\/index.php\/insta\/","og_locale":"fr_FR","og_type":"article","og_title":"insta - Sarl Kubowski","og_description":"Bient\u00f4t sur InstagramLa SARL Kubowski lance bient\u00f4t son compte Instagram ! Suivez-nous pour d\u00e9couvrir nos r\u00e9alisations en couverture, bardage et charpente m\u00e9tallique, ainsi que nos projets en cours. Restez connect\u00e9s pour des conseils, des inspirations et un aper\u00e7u de notre savoir-faire.Lestrem, France, 621360788380427kubowski.rudy@outlook.fr","og_url":"https:\/\/wwwsarlkubowski.com\/index.php\/insta\/","og_site_name":"Sarl Kubowski","article_publisher":"https:\/\/www.facebook.com\/profile.php?id=100057232698494","article_modified_time":"2025-02-11T14:03:28+00:00","og_image":[{"width":2335,"height":512,"url":"https:\/\/wwwsarlkubowski.com\/wp-content\/uploads\/2025\/02\/logo-01-01.png","type":"image\/png"}],"twitter_card":"summary_large_image","twitter_misc":{"Dur\u00e9e de lecture estim\u00e9e":"4 minutes"},"schema":{"@context":"https:\/\/schema.org","@graph":[{"@type":"WebPage","@id":"https:\/\/wwwsarlkubowski.com\/index.php\/insta\/","url":"https:\/\/wwwsarlkubowski.com\/index.php\/insta\/","name":"insta - Sarl Kubowski","isPartOf":{"@id":"https:\/\/wwwsarlkubowski.com\/#website"},"datePublished":"2025-02-11T14:01:21+00:00","dateModified":"2025-02-11T14:03:28+00:00","breadcrumb":{"@id":"https:\/\/wwwsarlkubowski.com\/index.php\/insta\/#breadcrumb"},"inLanguage":"fr-FR","potentialAction":[{"@type":"ReadAction","target":["https:\/\/wwwsarlkubowski.com\/index.php\/insta\/"]}]},{"@type":"BreadcrumbList","@id":"https:\/\/wwwsarlkubowski.com\/index.php\/insta\/#breadcrumb","itemListElement":[{"@type":"ListItem","position":1,"name":"Accueil","item":"https:\/\/wwwsarlkubowski.com\/"},{"@type":"ListItem","position":2,"name":"insta"}]},{"@type":"WebSite","@id":"https:\/\/wwwsarlkubowski.com\/#website","url":"https:\/\/wwwsarlkubowski.com\/","name":"Sarl Kubowski","description":"Couverture - Bardage - Charpente M\u00e9tallique","publisher":{"@id":"https:\/\/wwwsarlkubowski.com\/#organization"},"alternateName":"wwwsarlkubowski.fr","potentialAction":[{"@type":"SearchAction","target":{"@type":"EntryPoint","urlTemplate":"https:\/\/wwwsarlkubowski.com\/?s={search_term_string}"},"query-input":{"@type":"PropertyValueSpecification","valueRequired":true,"valueName":"search_term_string"}}],"inLanguage":"fr-FR"},{"@type":"Organization","@id":"https:\/\/wwwsarlkubowski.com\/#organization","name":"Sarl Kubowski","url":"https:\/\/wwwsarlkubowski.com\/","logo":{"@type":"ImageObject","inLanguage":"fr-FR","@id":"https:\/\/wwwsarlkubowski.com\/#\/schema\/logo\/image\/","url":"http:\/\/wwwsarlkubowski.com\/wp-content\/uploads\/2025\/02\/logo-01.png","contentUrl":"http:\/\/wwwsarlkubowski.com\/wp-content\/uploads\/2025\/02\/logo-01.png","width":2335,"height":642,"caption":"Sarl Kubowski"},"image":{"@id":"https:\/\/wwwsarlkubowski.com\/#\/schema\/logo\/image\/"},"sameAs":["https:\/\/www.facebook.com\/profile.php?id=100057232698494"]}]}},"_links":{"self":[{"href":"https:\/\/wwwsarlkubowski.com\/index.php\/wp-json\/wp\/v2\/pages\/186","targetHints":{"allow":["GET"]}}],"collection":[{"href":"https:\/\/wwwsarlkubowski.com\/index.php\/wp-json\/wp\/v2\/pages"}],"about":[{"href":"https:\/\/wwwsarlkubowski.com\/index.php\/wp-json\/wp\/v2\/types\/page"}],"author":[{"embeddable":true,"href":"https:\/\/wwwsarlkubowski.com\/index.php\/wp-json\/wp\/v2\/users\/1"}],"replies":[{"embeddable":true,"href":"https:\/\/wwwsarlkubowski.com\/index.php\/wp-json\/wp\/v2\/comments?post=186"}],"version-history":[{"count":5,"href":"https:\/\/wwwsarlkubowski.com\/index.php\/wp-json\/wp\/v2\/pages\/186\/revisions"}],"predecessor-version":[{"id":194,"href":"https:\/\/wwwsarlkubowski.com\/index.php\/wp-json\/wp\/v2\/pages\/186\/revisions\/194"}],"wp:attachment":[{"href":"https:\/\/wwwsarlkubowski.com\/index.php\/wp-json\/wp\/v2\/media?parent=186"}],"curies":[{"name":"wp","href":"https:\/\/api.w.org\/{rel}","templated":true}]}}