{"id":28,"date":"2025-02-05T11:09:12","date_gmt":"2025-02-05T10:09:12","guid":{"rendered":"https:\/\/wwwsarlkubowski.com\/?page_id=28"},"modified":"2025-05-07T15:05:28","modified_gmt":"2025-05-07T13:05:28","slug":"notre-entreprise","status":"publish","type":"page","link":"https:\/\/wwwsarlkubowski.com\/index.php\/notre-entreprise\/","title":{"rendered":"Notre entreprise"},"content":{"rendered":"<p>[et_pb_section fb_built=\u00a0\u00bb1&Prime; custom_padding_last_edited=\u00a0\u00bbon|phone\u00a0\u00bb admin_label=\u00a0\u00bbHeader\u00a0\u00bb _builder_version=\u00a0\u00bb4.21.0&Prime; _module_preset=\u00a0\u00bbdefault\u00a0\u00bb background_image=\u00a0\u00bbhttps:\/\/wwwsarlkubowski.com\/wp-content\/uploads\/2025\/02\/fond-03.png\u00a0\u00bb parallax=\u00a0\u00bbon\u00a0\u00bb custom_padding=\u00a0\u00bb3.8%||0.9%||false|false\u00a0\u00bb custom_padding_tablet=\u00a0\u00bb0.2%||0.9%||false|false\u00a0\u00bb custom_padding_phone=\u00a0\u00bb5.5%||||false|false\u00a0\u00bb border_radii=\u00a0\u00bboff|||0vw|0vw\u00a0\u00bb collapsed=\u00a0\u00bbon\u00a0\u00bb global_colors_info=\u00a0\u00bb{}\u00a0\u00bb][et_pb_row _builder_version=\u00a0\u00bb4.21.0&Prime; _module_preset=\u00a0\u00bbdefault\u00a0\u00bb max_width=\u00a0\u00bb1800px\u00a0\u00bb global_colors_info=\u00a0\u00bb{}\u00a0\u00bb][et_pb_column type=\u00a0\u00bb4_4&Prime; _builder_version=\u00a0\u00bb4.22.0&Prime; _module_preset=\u00a0\u00bbdefault\u00a0\u00bb global_colors_info=\u00a0\u00bb{}\u00a0\u00bb][et_pb_image src=\u00a0\u00bbhttps:\/\/wwwsarlkubowski.com\/wp-content\/uploads\/2025\/02\/logo-01.png\u00a0\u00bb title_text=\u00a0\u00bblogo-01&Prime; align=\u00a0\u00bbcenter\u00a0\u00bb src_tablet=\u00a0\u00bbhttps:\/\/wwwsarlkubowski.com\/wp-content\/uploads\/2025\/02\/logo-01.png\u00a0\u00bb src_phone=\u00a0\u00bb\u00a0\u00bb src_last_edited=\u00a0\u00bbon|phone\u00a0\u00bb _builder_version=\u00a0\u00bb4.21.0&Prime; _module_preset=\u00a0\u00bbdefault\u00a0\u00bb width=\u00a0\u00bb40%\u00a0\u00bb custom_padding=\u00a0\u00bb||3.5%||false|false\u00a0\u00bb locked=\u00a0\u00bboff\u00a0\u00bb global_colors_info=\u00a0\u00bb{}\u00a0\u00bb][\/et_pb_image][et_pb_text _builder_version=\u00a0\u00bb4.21.0&Prime; _module_preset=\u00a0\u00bbf94c5da5-5b5d-46a3-9bcf-d13cd9a99a8a\u00a0\u00bb header_font=\u00a0\u00bbOswald|700|||||||\u00a0\u00bb header_text_align=\u00a0\u00bbcenter\u00a0\u00bb header_font_size=\u00a0\u00bb380%\u00a0\u00bb max_width=\u00a0\u00bb1440px\u00a0\u00bb custom_margin=\u00a0\u00bb||1%||false|false\u00a0\u00bb header_font_size_phone=\u00a0\u00bb250%\u00a0\u00bb global_colors_info=\u00a0\u00bb{}\u00a0\u00bb]<\/p>\n<h1 style=\"text-align: center;\">\u00a0 10 ans d&rsquo;exp\u00e9riences professionnelles<\/h1>\n<p>&nbsp;<\/p>\n<p>[\/et_pb_text][et_pb_text _builder_version=\u00a0\u00bb4.21.0&Prime; _module_preset=\u00a0\u00bbb29a2d96-7fb4-4982-a1f6-bc2f8006cec9&Prime; text_font=\u00a0\u00bb||||||||\u00a0\u00bb text_font_size=\u00a0\u00bb90%\u00a0\u00bb header_4_font=\u00a0\u00bb||||||||\u00a0\u00bb header_4_font_size=\u00a0\u00bb200%\u00a0\u00bb custom_padding=\u00a0\u00bb||0px|||\u00a0\u00bb global_colors_info=\u00a0\u00bb{%22gcid-2490e176-5733-4f77-b033-d0b72133e372%22:%91%22text_text_color%22,%22text_text_color%22%93}\u00a0\u00bb]<\/p>\n<h4 style=\"text-align: justify;\">Avec 10 ans d&rsquo;exp\u00e9rience, la soci\u00e9t\u00e9 SARL Kubowski est sp\u00e9cialis\u00e9e dans les travaux de couverture, bardage, et charpente m\u00e9tallique. Notre expertise nous permet de proposer des solutions durables et personnalis\u00e9es pour tous types de projets, qu&rsquo;il s&rsquo;agisse de constructions neuves ou de r\u00e9novations. Nous nous engageons \u00e0 offrir un service de qualit\u00e9, alliant savoir-faire technique et respect des d\u00e9lais. <span style=\"color: rgba(51, 51, 51, 0); font-size: xx-small;\">10 ans d&rsquo;exp\u00e9rience, travaux de couverture, bardage, charpente m\u00e9tallique, expertise, solutions durables, solutions personnalis\u00e9es, constructions neuves, r\u00e9novations, service de qualit\u00e9, savoir-faire technique, respect des d\u00e9lais.<\/span><\/h4>\n<p>[\/et_pb_text][\/et_pb_column][\/et_pb_row][\/et_pb_section][et_pb_section fb_built=\u00a0\u00bb1&Prime; admin_label=\u00a0\u00bbAbout\u00a0\u00bb _builder_version=\u00a0\u00bb4.24.0&Prime; _module_preset=\u00a0\u00bbdefault\u00a0\u00bb custom_padding=\u00a0\u00bb4px||0px|||\u00a0\u00bb collapsed=\u00a0\u00bbon\u00a0\u00bb global_colors_info=\u00a0\u00bb{}\u00a0\u00bb][et_pb_row _builder_version=\u00a0\u00bb4.21.0&Prime; _module_preset=\u00a0\u00bbdefault\u00a0\u00bb max_width=\u00a0\u00bb1800px\u00a0\u00bb custom_padding=\u00a0\u00bb0px|||||\u00a0\u00bb global_colors_info=\u00a0\u00bb{}\u00a0\u00bb][et_pb_column type=\u00a0\u00bb4_4&Prime; _builder_version=\u00a0\u00bb4.22.0&Prime; _module_preset=\u00a0\u00bbdefault\u00a0\u00bb global_colors_info=\u00a0\u00bb{}\u00a0\u00bb][et_pb_text _builder_version=\u00a0\u00bb4.21.0&Prime; _module_preset=\u00a0\u00bbf94c5da5-5b5d-46a3-9bcf-d13cd9a99a8a\u00a0\u00bb header_font=\u00a0\u00bbOswald|700|||||||\u00a0\u00bb header_text_align=\u00a0\u00bbcenter\u00a0\u00bb header_font_size=\u00a0\u00bb380%\u00a0\u00bb max_width=\u00a0\u00bb1440px\u00a0\u00bb custom_margin=\u00a0\u00bb||1%||false|false\u00a0\u00bb custom_padding=\u00a0\u00bb||0px|||\u00a0\u00bb header_font_size_phone=\u00a0\u00bb250%\u00a0\u00bb locked=\u00a0\u00bboff\u00a0\u00bb global_colors_info=\u00a0\u00bb{}\u00a0\u00bb]<\/p>\n<h1 style=\"text-align: center;\">Notre \u00e9quipe<\/h1>\n<p>[\/et_pb_text][\/et_pb_column][\/et_pb_row][et_pb_row _builder_version=\u00a0\u00bb4.21.0&Prime; _module_preset=\u00a0\u00bbdefault\u00a0\u00bb max_width=\u00a0\u00bb1800px\u00a0\u00bb custom_padding=\u00a0\u00bb1px||38px|||\u00a0\u00bb global_colors_info=\u00a0\u00bb{}\u00a0\u00bb][et_pb_column type=\u00a0\u00bb4_4&Prime; _builder_version=\u00a0\u00bb4.22.0&Prime; _module_preset=\u00a0\u00bbdefault\u00a0\u00bb global_colors_info=\u00a0\u00bb{}\u00a0\u00bb][et_pb_image src=\u00a0\u00bbhttps:\/\/wwwsarlkubowski.com\/wp-content\/uploads\/2025\/02\/equipe-Kubowski-scaled.jpg\u00a0\u00bb title_text=\u00a0\u00bbA,Group,Of,Construction,Workers,Wearing,Hard,Hats,And,Safety\u00a0\u00bb _builder_version=\u00a0\u00bb4.21.0&Prime; _module_preset=\u00a0\u00bbdefault\u00a0\u00bb global_colors_info=\u00a0\u00bb{}\u00a0\u00bb][\/et_pb_image][et_pb_text _builder_version=\u00a0\u00bb4.21.0&Prime; _module_preset=\u00a0\u00bbb29a2d96-7fb4-4982-a1f6-bc2f8006cec9&Prime; text_font=\u00a0\u00bb||||||||\u00a0\u00bb text_font_size=\u00a0\u00bb90%\u00a0\u00bb header_4_font=\u00a0\u00bb||||||||\u00a0\u00bb header_4_font_size=\u00a0\u00bb200%\u00a0\u00bb custom_padding=\u00a0\u00bb||0px|||\u00a0\u00bb locked=\u00a0\u00bboff\u00a0\u00bb global_colors_info=\u00a0\u00bb{%22gcid-2490e176-5733-4f77-b033-d0b72133e372%22:%91%22text_text_color%22,%22text_text_color%22%93}\u00a0\u00bb]<\/p>\n<h4 style=\"text-align: justify;\"><span>L&rsquo;esprit d&rsquo;\u00e9quipe est au c\u0153ur de notre fonctionnement : nous croyons fermement que c&rsquo;est en travaillant ensemble, en partageant nos connaissances et en nous soutenant mutuellement que nous pouvons surmonter tous les d\u00e9fis techniques. Cette collaboration nous permet de proposer des solutions innovantes et adapt\u00e9es \u00e0 chaque projet, tout en respectant les d\u00e9lais et les exigences de nos parties.<\/span><\/p>\n<p><span>Notre \u00e9quipe se distingue \u00e9galement par sa capacit\u00e9 \u00e0 s&rsquo;adapter aux \u00e9volutions technologiques et aux nouvelles techniques du secteur, ce qui nous permet de rester \u00e0 la pointe de notre m\u00e9tier. Chaque chantier est une opportunit\u00e9 de d\u00e9montrer notre savoir-faire, notre pr\u00e9cision et notre engagement.<\/span><\/h4>\n<p>[\/et_pb_text][\/et_pb_column][\/et_pb_row][\/et_pb_section][et_pb_section fb_built=\u00a0\u00bb1&Prime; specialty=\u00a0\u00bbon\u00a0\u00bb admin_label=\u00a0\u00bbFooter\u00a0\u00bb _builder_version=\u00a0\u00bb4.21.0&Prime; _module_preset=\u00a0\u00bbdefault\u00a0\u00bb background_color=\u00a0\u00bbgcid-a93f2103-1d8b-43bb-b21d-81d84bba8b15&Prime; inner_max_width=\u00a0\u00bb1800px\u00a0\u00bb overflow-x=\u00a0\u00bbhidden\u00a0\u00bb overflow-y=\u00a0\u00bbhidden\u00a0\u00bb custom_padding=\u00a0\u00bb||0px|||\u00a0\u00bb saved_tabs=\u00a0\u00bball\u00a0\u00bb locked=\u00a0\u00bboff\u00a0\u00bb global_colors_info=\u00a0\u00bb{%22gcid-a93f2103-1d8b-43bb-b21d-81d84bba8b15%22:%91%22background_color%22%93}\u00a0\u00bb][et_pb_column type=\u00a0\u00bb3_4&Prime; specialty_columns=\u00a0\u00bb3&Prime; _builder_version=\u00a0\u00bb4.16&Prime; _module_preset=\u00a0\u00bbdefault\u00a0\u00bb custom_padding=\u00a0\u00bb|||\u00a0\u00bb global_colors_info=\u00a0\u00bb{}\u00a0\u00bb custom_padding__hover=\u00a0\u00bb|||\u00a0\u00bb][et_pb_row_inner _builder_version=\u00a0\u00bb4.21.0&Prime; _module_preset=\u00a0\u00bbdefault\u00a0\u00bb custom_padding=\u00a0\u00bb||20px||false|false\u00a0\u00bb locked=\u00a0\u00bboff\u00a0\u00bb global_colors_info=\u00a0\u00bb{}\u00a0\u00bb][et_pb_column_inner saved_specialty_column_type=\u00a0\u00bb3_4&Prime; _builder_version=\u00a0\u00bb4.22.0&Prime; _module_preset=\u00a0\u00bbdefault\u00a0\u00bb global_colors_info=\u00a0\u00bb{}\u00a0\u00bb][et_pb_image src=\u00a0\u00bbhttps:\/\/wwwsarlkubowski.com\/wp-content\/uploads\/2025\/02\/logo-01.png\u00a0\u00bb title_text=\u00a0\u00bblogo-01&Prime; _builder_version=\u00a0\u00bb4.21.0&Prime; _module_preset=\u00a0\u00bbdefault\u00a0\u00bb width=\u00a0\u00bb40%\u00a0\u00bb custom_padding=\u00a0\u00bb||5%||false|false\u00a0\u00bb global_colors_info=\u00a0\u00bb{}\u00a0\u00bb][\/et_pb_image][\/et_pb_column_inner][\/et_pb_row_inner][et_pb_row_inner column_structure=\u00a0\u00bb1_2,1_2&Prime; _builder_version=\u00a0\u00bb4.21.0&Prime; _module_preset=\u00a0\u00bbdefault\u00a0\u00bb custom_padding=\u00a0\u00bb0px|||||\u00a0\u00bb locked=\u00a0\u00bboff\u00a0\u00bb global_colors_info=\u00a0\u00bb{}\u00a0\u00bb][et_pb_column_inner type=\u00a0\u00bb1_2&Prime; saved_specialty_column_type=\u00a0\u00bb3_4&Prime; _builder_version=\u00a0\u00bb4.22.0&Prime; _module_preset=\u00a0\u00bbdefault\u00a0\u00bb global_colors_info=\u00a0\u00bb{}\u00a0\u00bb][et_pb_blurb title=\u00a0\u00bbAddresse\u00a0\u00bb image_icon_background_color=\u00a0\u00bbgcid-a93f2103-1d8b-43bb-b21d-81d84bba8b15&Prime; _builder_version=\u00a0\u00bb4.21.0&Prime; _module_preset=\u00a0\u00bb23a744ff-051a-412c-a47c-91966718167b\u00a0\u00bb custom_margin=\u00a0\u00bb||30px||false|false\u00a0\u00bb locked=\u00a0\u00bboff\u00a0\u00bb global_colors_info=\u00a0\u00bb{%22gcid-779a3d53-700b-4950-9fae-611323b51b16%22:%91%22body_link_text_color%22%93,%22gcid-a93f2103-1d8b-43bb-b21d-81d84bba8b15%22:%91%22image_icon_background_color%22%93}\u00a0\u00bb]<\/p>\n<div class=\"gs\">\n<div class=\"\">\n<div id=\":o9\" class=\"ii gt\" jslog=\"20277; u014N:xr6bB; 1:WyIjdGhyZWFkLWE6ci03MTc2MzE1NzY4ODU3NzUzNDcwIl0.; 4:WyIjbXNnLWE6ci00MDk0NDQ3NjQ0MjM2MjU5Mzc5IixudWxsLG51bGwsbnVsbCwxLDAsWzEsMCwwXSw1LDIzLG51bGwsbnVsbCxudWxsLG51bGwsbnVsbCwxLG51bGwsbnVsbCxudWxsLG51bGwsbnVsbCxudWxsLG51bGwsbnVsbCxudWxsLDBd\">\n<div id=\":o8\" class=\"a3s aiL \">\n<div dir=\"auto\">87 rue du bois 59940 Estaires<\/div>\n<div class=\"yj6qo\"><\/div>\n<div class=\"adL\"><\/div>\n<\/div>\n<\/div>\n<div class=\"WhmR8e\" data-hash=\"0\"><\/div>\n<\/div>\n<\/div>\n<p>[\/et_pb_blurb][et_pb_blurb title=\u00a0\u00bbPortable\u00a0\u00bb image_icon_background_color=\u00a0\u00bbgcid-a93f2103-1d8b-43bb-b21d-81d84bba8b15&Prime; _builder_version=\u00a0\u00bb4.21.0&Prime; _module_preset=\u00a0\u00bb23a744ff-051a-412c-a47c-91966718167b\u00a0\u00bb custom_margin=\u00a0\u00bb||30px||false|false\u00a0\u00bb locked=\u00a0\u00bboff\u00a0\u00bb global_colors_info=\u00a0\u00bb{%22gcid-779a3d53-700b-4950-9fae-611323b51b16%22:%91%22body_link_text_color%22,%22body_link_text_color%22,%22body_link_text_color%22%93,%22gcid-a93f2103-1d8b-43bb-b21d-81d84bba8b15%22:%91%22image_icon_background_color%22,%22image_icon_background_color%22,%22image_icon_background_color%22%93}\u00a0\u00bb]<\/p>\n<p><span>07 88 38 04 27<\/span><\/p>\n<p>[\/et_pb_blurb][\/et_pb_column_inner][et_pb_column_inner type=\u00a0\u00bb1_2&Prime; saved_specialty_column_type=\u00a0\u00bb3_4&Prime; _builder_version=\u00a0\u00bb4.22.0&Prime; _module_preset=\u00a0\u00bbdefault\u00a0\u00bb global_colors_info=\u00a0\u00bb{}\u00a0\u00bb][et_pb_blurb title=\u00a0\u00bbEmail\u00a0\u00bb image_icon_background_color=\u00a0\u00bbgcid-a93f2103-1d8b-43bb-b21d-81d84bba8b15&Prime; _builder_version=\u00a0\u00bb4.21.0&Prime; _module_preset=\u00a0\u00bb23a744ff-051a-412c-a47c-91966718167b\u00a0\u00bb custom_margin=\u00a0\u00bb||30px||false|false\u00a0\u00bb locked=\u00a0\u00bboff\u00a0\u00bb global_colors_info=\u00a0\u00bb{%22gcid-779a3d53-700b-4950-9fae-611323b51b16%22:%91%22body_link_text_color%22,%22body_link_text_color%22,%22body_link_text_color%22%93,%22gcid-a93f2103-1d8b-43bb-b21d-81d84bba8b15%22:%91%22image_icon_background_color%22,%22image_icon_background_color%22,%22image_icon_background_color%22%93}\u00a0\u00bb]<\/p>\n<p><span style=\"text-decoration: underline;\">kubowski.rudy@outlook.fr<\/span><\/p>\n<p>[\/et_pb_blurb][et_pb_button button_url=\u00a0\u00bb@ET-DC@eyJkeW5hbWljIjp0cnVlLCJjb250ZW50IjoicG9zdF9saW5rX3VybF9wYWdlIiwic2V0dGluZ3MiOnsicG9zdF9pZCI6IjE2In19@\u00a0\u00bb button_text=\u00a0\u00bbNous contacter\u00a0\u00bb _builder_version=\u00a0\u00bb4.21.0&Prime; _dynamic_attributes=\u00a0\u00bbbutton_url\u00a0\u00bb _module_preset=\u00a0\u00bb6edd7e08-df8d-44a2-a146-439b70a3b5db\u00a0\u00bb button_bg_color=\u00a0\u00bb#000000&Prime; locked=\u00a0\u00bboff\u00a0\u00bb global_colors_info=\u00a0\u00bb{}\u00a0\u00bb][\/et_pb_button][\/et_pb_column_inner][\/et_pb_row_inner][\/et_pb_column][et_pb_column type=\u00a0\u00bb1_4&Prime; disabled_on=\u00a0\u00bboff|off|off\u00a0\u00bb _builder_version=\u00a0\u00bb4.16&Prime; _module_preset=\u00a0\u00bbdefault\u00a0\u00bb custom_padding=\u00a0\u00bb|||\u00a0\u00bb global_colors_info=\u00a0\u00bb{}\u00a0\u00bb custom_padding__hover=\u00a0\u00bb|||\u00a0\u00bb][et_pb_social_media_follow _builder_version=\u00a0\u00bb4.21.0&Prime; _module_preset=\u00a0\u00bbdefault\u00a0\u00bb custom_margin=\u00a0\u00bb95%||20%||false|false\u00a0\u00bb custom_margin_tablet=\u00a0\u00bb95%||20%||false|false\u00a0\u00bb custom_margin_phone=\u00a0\u00bb1%|||5%|false|false\u00a0\u00bb custom_margin_last_edited=\u00a0\u00bbon|desktop\u00a0\u00bb global_colors_info=\u00a0\u00bb{}\u00a0\u00bb][et_pb_social_media_follow_network social_network=\u00a0\u00bbfacebook\u00a0\u00bb url=\u00a0\u00bbhttps:\/\/www.facebook.com\/p\/Sarl-Kubowski-100057232698494\/\u00a0\u00bb _builder_version=\u00a0\u00bb4.21.0&Prime; _module_preset=\u00a0\u00bbdefault\u00a0\u00bb background_color=\u00a0\u00bb#3b5998&Prime; global_colors_info=\u00a0\u00bb{}\u00a0\u00bb follow_button=\u00a0\u00bboff\u00a0\u00bb url_new_window=\u00a0\u00bbon\u00a0\u00bb]facebook[\/et_pb_social_media_follow_network][\/et_pb_social_media_follow][\/et_pb_column][\/et_pb_section]<\/p>\n","protected":false},"excerpt":{"rendered":"<p>\u00a0 10 ans d&rsquo;exp\u00e9riences professionnelles &nbsp;Avec 10 ans d&rsquo;exp\u00e9rience, la soci\u00e9t\u00e9 SARL Kubowski est sp\u00e9cialis\u00e9e dans les travaux de couverture, bardage, et charpente m\u00e9tallique. Notre expertise nous permet de proposer des solutions durables et personnalis\u00e9es pour tous types de projets, qu&rsquo;il s&rsquo;agisse de constructions neuves ou de r\u00e9novations. Nous nous engageons \u00e0 offrir un service [&hellip;]<\/p>\n","protected":false},"author":1,"featured_media":0,"parent":0,"menu_order":0,"comment_status":"closed","ping_status":"closed","template":"","meta":{"_et_pb_use_builder":"on","_et_pb_old_content":"","_et_gb_content_width":"","footnotes":""},"class_list":["post-28","page","type-page","status-publish","hentry"],"yoast_head":"<!-- This site is optimized with the Yoast SEO plugin v24.8.1 - https:\/\/yoast.com\/wordpress\/plugins\/seo\/ -->\n<title>Notre entreprise - Sarl Kubowski<\/title>\n<meta name=\"robots\" content=\"index, follow, max-snippet:-1, max-image-preview:large, max-video-preview:-1\" \/>\n<link rel=\"canonical\" href=\"https:\/\/wwwsarlkubowski.com\/index.php\/notre-entreprise\/\" \/>\n<meta property=\"og:locale\" content=\"fr_FR\" \/>\n<meta property=\"og:type\" content=\"article\" \/>\n<meta property=\"og:title\" content=\"Notre entreprise - Sarl Kubowski\" \/>\n<meta property=\"og:description\" content=\"\u00a0 10 ans d&#039;exp\u00e9riences professionnelles &nbsp;Avec 10 ans d&#039;exp\u00e9rience, la soci\u00e9t\u00e9 SARL Kubowski est sp\u00e9cialis\u00e9e dans les travaux de couverture, bardage, et charpente m\u00e9tallique. Notre expertise nous permet de proposer des solutions durables et personnalis\u00e9es pour tous types de projets, qu&#039;il s&#039;agisse de constructions neuves ou de r\u00e9novations. Nous nous engageons \u00e0 offrir un service [&hellip;]\" \/>\n<meta property=\"og:url\" content=\"https:\/\/wwwsarlkubowski.com\/index.php\/notre-entreprise\/\" \/>\n<meta property=\"og:site_name\" content=\"Sarl Kubowski\" \/>\n<meta property=\"article:publisher\" content=\"https:\/\/www.facebook.com\/profile.php?id=100057232698494\" \/>\n<meta property=\"article:modified_time\" content=\"2025-05-07T13:05:28+00:00\" \/>\n<meta property=\"og:image\" content=\"https:\/\/wwwsarlkubowski.com\/wp-content\/uploads\/2025\/02\/logo-01-01.png\" \/>\n\t<meta property=\"og:image:width\" content=\"2335\" \/>\n\t<meta property=\"og:image:height\" content=\"512\" \/>\n\t<meta property=\"og:image:type\" content=\"image\/png\" \/>\n<meta name=\"twitter:card\" content=\"summary_large_image\" \/>\n<meta name=\"twitter:label1\" content=\"Dur\u00e9e de lecture estim\u00e9e\" \/>\n\t<meta name=\"twitter:data1\" content=\"7 minutes\" \/>\n<script type=\"application\/ld+json\" class=\"yoast-schema-graph\">{\"@context\":\"https:\/\/schema.org\",\"@graph\":[{\"@type\":\"WebPage\",\"@id\":\"https:\/\/wwwsarlkubowski.com\/index.php\/notre-entreprise\/\",\"url\":\"https:\/\/wwwsarlkubowski.com\/index.php\/notre-entreprise\/\",\"name\":\"Notre entreprise - Sarl Kubowski\",\"isPartOf\":{\"@id\":\"https:\/\/wwwsarlkubowski.com\/#website\"},\"datePublished\":\"2025-02-05T10:09:12+00:00\",\"dateModified\":\"2025-05-07T13:05:28+00:00\",\"breadcrumb\":{\"@id\":\"https:\/\/wwwsarlkubowski.com\/index.php\/notre-entreprise\/#breadcrumb\"},\"inLanguage\":\"fr-FR\",\"potentialAction\":[{\"@type\":\"ReadAction\",\"target\":[\"https:\/\/wwwsarlkubowski.com\/index.php\/notre-entreprise\/\"]}]},{\"@type\":\"BreadcrumbList\",\"@id\":\"https:\/\/wwwsarlkubowski.com\/index.php\/notre-entreprise\/#breadcrumb\",\"itemListElement\":[{\"@type\":\"ListItem\",\"position\":1,\"name\":\"Accueil\",\"item\":\"https:\/\/wwwsarlkubowski.com\/\"},{\"@type\":\"ListItem\",\"position\":2,\"name\":\"Notre entreprise\"}]},{\"@type\":\"WebSite\",\"@id\":\"https:\/\/wwwsarlkubowski.com\/#website\",\"url\":\"https:\/\/wwwsarlkubowski.com\/\",\"name\":\"Sarl Kubowski\",\"description\":\"Couverture - Bardage - Charpente M\u00e9tallique\",\"publisher\":{\"@id\":\"https:\/\/wwwsarlkubowski.com\/#organization\"},\"alternateName\":\"wwwsarlkubowski.fr\",\"potentialAction\":[{\"@type\":\"SearchAction\",\"target\":{\"@type\":\"EntryPoint\",\"urlTemplate\":\"https:\/\/wwwsarlkubowski.com\/?s={search_term_string}\"},\"query-input\":{\"@type\":\"PropertyValueSpecification\",\"valueRequired\":true,\"valueName\":\"search_term_string\"}}],\"inLanguage\":\"fr-FR\"},{\"@type\":\"Organization\",\"@id\":\"https:\/\/wwwsarlkubowski.com\/#organization\",\"name\":\"Sarl Kubowski\",\"url\":\"https:\/\/wwwsarlkubowski.com\/\",\"logo\":{\"@type\":\"ImageObject\",\"inLanguage\":\"fr-FR\",\"@id\":\"https:\/\/wwwsarlkubowski.com\/#\/schema\/logo\/image\/\",\"url\":\"http:\/\/wwwsarlkubowski.com\/wp-content\/uploads\/2025\/02\/logo-01.png\",\"contentUrl\":\"http:\/\/wwwsarlkubowski.com\/wp-content\/uploads\/2025\/02\/logo-01.png\",\"width\":2335,\"height\":642,\"caption\":\"Sarl Kubowski\"},\"image\":{\"@id\":\"https:\/\/wwwsarlkubowski.com\/#\/schema\/logo\/image\/\"},\"sameAs\":[\"https:\/\/www.facebook.com\/profile.php?id=100057232698494\"]}]}<\/script>\n<!-- \/ Yoast SEO plugin. -->","yoast_head_json":{"title":"Notre entreprise - Sarl Kubowski","robots":{"index":"index","follow":"follow","max-snippet":"max-snippet:-1","max-image-preview":"max-image-preview:large","max-video-preview":"max-video-preview:-1"},"canonical":"https:\/\/wwwsarlkubowski.com\/index.php\/notre-entreprise\/","og_locale":"fr_FR","og_type":"article","og_title":"Notre entreprise - Sarl Kubowski","og_description":"\u00a0 10 ans d'exp\u00e9riences professionnelles &nbsp;Avec 10 ans d'exp\u00e9rience, la soci\u00e9t\u00e9 SARL Kubowski est sp\u00e9cialis\u00e9e dans les travaux de couverture, bardage, et charpente m\u00e9tallique. Notre expertise nous permet de proposer des solutions durables et personnalis\u00e9es pour tous types de projets, qu'il s'agisse de constructions neuves ou de r\u00e9novations. Nous nous engageons \u00e0 offrir un service [&hellip;]","og_url":"https:\/\/wwwsarlkubowski.com\/index.php\/notre-entreprise\/","og_site_name":"Sarl Kubowski","article_publisher":"https:\/\/www.facebook.com\/profile.php?id=100057232698494","article_modified_time":"2025-05-07T13:05:28+00:00","og_image":[{"width":2335,"height":512,"url":"https:\/\/wwwsarlkubowski.com\/wp-content\/uploads\/2025\/02\/logo-01-01.png","type":"image\/png"}],"twitter_card":"summary_large_image","twitter_misc":{"Dur\u00e9e de lecture estim\u00e9e":"7 minutes"},"schema":{"@context":"https:\/\/schema.org","@graph":[{"@type":"WebPage","@id":"https:\/\/wwwsarlkubowski.com\/index.php\/notre-entreprise\/","url":"https:\/\/wwwsarlkubowski.com\/index.php\/notre-entreprise\/","name":"Notre entreprise - Sarl Kubowski","isPartOf":{"@id":"https:\/\/wwwsarlkubowski.com\/#website"},"datePublished":"2025-02-05T10:09:12+00:00","dateModified":"2025-05-07T13:05:28+00:00","breadcrumb":{"@id":"https:\/\/wwwsarlkubowski.com\/index.php\/notre-entreprise\/#breadcrumb"},"inLanguage":"fr-FR","potentialAction":[{"@type":"ReadAction","target":["https:\/\/wwwsarlkubowski.com\/index.php\/notre-entreprise\/"]}]},{"@type":"BreadcrumbList","@id":"https:\/\/wwwsarlkubowski.com\/index.php\/notre-entreprise\/#breadcrumb","itemListElement":[{"@type":"ListItem","position":1,"name":"Accueil","item":"https:\/\/wwwsarlkubowski.com\/"},{"@type":"ListItem","position":2,"name":"Notre entreprise"}]},{"@type":"WebSite","@id":"https:\/\/wwwsarlkubowski.com\/#website","url":"https:\/\/wwwsarlkubowski.com\/","name":"Sarl Kubowski","description":"Couverture - Bardage - Charpente M\u00e9tallique","publisher":{"@id":"https:\/\/wwwsarlkubowski.com\/#organization"},"alternateName":"wwwsarlkubowski.fr","potentialAction":[{"@type":"SearchAction","target":{"@type":"EntryPoint","urlTemplate":"https:\/\/wwwsarlkubowski.com\/?s={search_term_string}"},"query-input":{"@type":"PropertyValueSpecification","valueRequired":true,"valueName":"search_term_string"}}],"inLanguage":"fr-FR"},{"@type":"Organization","@id":"https:\/\/wwwsarlkubowski.com\/#organization","name":"Sarl Kubowski","url":"https:\/\/wwwsarlkubowski.com\/","logo":{"@type":"ImageObject","inLanguage":"fr-FR","@id":"https:\/\/wwwsarlkubowski.com\/#\/schema\/logo\/image\/","url":"http:\/\/wwwsarlkubowski.com\/wp-content\/uploads\/2025\/02\/logo-01.png","contentUrl":"http:\/\/wwwsarlkubowski.com\/wp-content\/uploads\/2025\/02\/logo-01.png","width":2335,"height":642,"caption":"Sarl Kubowski"},"image":{"@id":"https:\/\/wwwsarlkubowski.com\/#\/schema\/logo\/image\/"},"sameAs":["https:\/\/www.facebook.com\/profile.php?id=100057232698494"]}]}},"_links":{"self":[{"href":"https:\/\/wwwsarlkubowski.com\/index.php\/wp-json\/wp\/v2\/pages\/28","targetHints":{"allow":["GET"]}}],"collection":[{"href":"https:\/\/wwwsarlkubowski.com\/index.php\/wp-json\/wp\/v2\/pages"}],"about":[{"href":"https:\/\/wwwsarlkubowski.com\/index.php\/wp-json\/wp\/v2\/types\/page"}],"author":[{"embeddable":true,"href":"https:\/\/wwwsarlkubowski.com\/index.php\/wp-json\/wp\/v2\/users\/1"}],"replies":[{"embeddable":true,"href":"https:\/\/wwwsarlkubowski.com\/index.php\/wp-json\/wp\/v2\/comments?post=28"}],"version-history":[{"count":25,"href":"https:\/\/wwwsarlkubowski.com\/index.php\/wp-json\/wp\/v2\/pages\/28\/revisions"}],"predecessor-version":[{"id":297,"href":"https:\/\/wwwsarlkubowski.com\/index.php\/wp-json\/wp\/v2\/pages\/28\/revisions\/297"}],"wp:attachment":[{"href":"https:\/\/wwwsarlkubowski.com\/index.php\/wp-json\/wp\/v2\/media?parent=28"}],"curies":[{"name":"wp","href":"https:\/\/api.w.org\/{rel}","templated":true}]}}