{"id":53,"date":"2025-02-08T10:04:38","date_gmt":"2025-02-08T09:04:38","guid":{"rendered":"https:\/\/wwwsarlkubowski.com\/?page_id=53"},"modified":"2025-05-07T14:38:29","modified_gmt":"2025-05-07T12:38:29","slug":"nos-realisations","status":"publish","type":"page","link":"https:\/\/wwwsarlkubowski.com\/index.php\/nos-realisations\/","title":{"rendered":"Nos r\u00e9alisations"},"content":{"rendered":"<p>[et_pb_section fb_built=\u00a0\u00bb1&Prime; admin_label=\u00a0\u00bbHeader\u00a0\u00bb _builder_version=\u00a0\u00bb4.21.0&Prime; _module_preset=\u00a0\u00bbdefault\u00a0\u00bb background_image=\u00a0\u00bbhttps:\/\/wwwsarlkubowski.com\/wp-content\/uploads\/2025\/02\/fond-03.png\u00a0\u00bb parallax=\u00a0\u00bbon\u00a0\u00bb custom_padding=\u00a0\u00bb1.5%||0vw||false|false\u00a0\u00bb border_radii=\u00a0\u00bboff|||0vw|0vw\u00a0\u00bb collapsed=\u00a0\u00bbon\u00a0\u00bb global_colors_info=\u00a0\u00bb{}\u00a0\u00bb][et_pb_row _builder_version=\u00a0\u00bb4.24.0&Prime; _module_preset=\u00a0\u00bbdefault\u00a0\u00bb max_width=\u00a0\u00bb1800px\u00a0\u00bb global_colors_info=\u00a0\u00bb{}\u00a0\u00bb][et_pb_column type=\u00a0\u00bb4_4&Prime; _builder_version=\u00a0\u00bb4.22.0&Prime; _module_preset=\u00a0\u00bbdefault\u00a0\u00bb global_colors_info=\u00a0\u00bb{}\u00a0\u00bb][et_pb_text _builder_version=\u00a0\u00bb4.21.0&Prime; _module_preset=\u00a0\u00bbf94c5da5-5b5d-46a3-9bcf-d13cd9a99a8a\u00a0\u00bb header_font=\u00a0\u00bbOswald|700|||||||\u00a0\u00bb max_width=\u00a0\u00bb1440px\u00a0\u00bb custom_margin=\u00a0\u00bb||2%||false|false\u00a0\u00bb custom_margin_last_edited=\u00a0\u00bboff|desktop\u00a0\u00bb header_font_size_phone=\u00a0\u00bb280%\u00a0\u00bb global_colors_info=\u00a0\u00bb{}\u00a0\u00bb]<\/p>\n<h1 style=\"text-align: center;\">Nos r\u00e9alisations<\/h1>\n<p>&nbsp;<\/p>\n<p>[\/et_pb_text][et_pb_text _builder_version=\u00a0\u00bb4.21.0&Prime; _module_preset=\u00a0\u00bbb29a2d96-7fb4-4982-a1f6-bc2f8006cec9&Prime; text_text_color=\u00a0\u00bb#000000&Prime; text_font_size=\u00a0\u00bb130%\u00a0\u00bb header_4_font=\u00a0\u00bb|300|||||||\u00a0\u00bb header_4_font_size=\u00a0\u00bb180%\u00a0\u00bb max_width=\u00a0\u00bb1440px\u00a0\u00bb text_font_size_tablet=\u00a0\u00bb130%\u00a0\u00bb text_font_size_phone=\u00a0\u00bb100%\u00a0\u00bb text_font_size_last_edited=\u00a0\u00bbon|phone\u00a0\u00bb global_colors_info=\u00a0\u00bb{}\u00a0\u00bb]<\/p>\n<p data-start=\"447\" data-end=\"794\" style=\"text-align: justify;\"><span>Que ce soit pour la pose de toitures, l&rsquo;installation de bardages ou la conception de structures m\u00e9talliques, la SARL Kubowski s&rsquo;engage \u00e0 offrir un service de qualit\u00e9, alliant expertise technique et respect des d\u00e9lais. Nos solutions sont adapt\u00e9es aux exigences de chaque projet, qu&rsquo;il s&rsquo;agisse de b\u00e2timents industriels, commerciaux ou r\u00e9sidentiels.<\/span><\/p>\n<p data-start=\"796\" data-end=\"835\" style=\"text-align: justify;\"><strong data-start=\"796\" data-end=\"835\"><span>Pourquoi choisir la SARL Kubowski ?<\/span><\/strong><\/p>\n<p data-start=\"796\" data-end=\"835\" style=\"text-align: justify;\"><strong data-start=\"796\" data-end=\"835\"><span><\/span><\/strong><\/p>\n<ul data-start=\"836\" data-end=\"1144\">\n<li data-start=\"836\" data-end=\"865\" style=\"text-align: justify;\"><span>Plus de 10 ans d&rsquo;exp\u00e9rience<\/span><\/li>\n<li data-start=\"866\" data-end=\"966\" style=\"text-align: justify;\"><span>Un savoir-faire reconnu dans le domaine de la couverture, du bardage et de la charpente m\u00e9tallique<\/span><\/li>\n<li data-start=\"967\" data-end=\"1018\" style=\"text-align: justify;\"><span>Des \u00e9quipes qualifi\u00e9es et un ser<\/span><\/li>\n<li data-start=\"1019\" data-end=\"1071\" style=\"text-align: justify;\"><span>Des mat\u00e9riaux de qualit\u00e9 et des finitions soign\u00e9es<\/span><\/li>\n<li data-start=\"1072\" data-end=\"1144\" style=\"text-align: justify;\"><span>Une prise en charge compl\u00e8te de vos projets, du devis \u00e0 la r\u00e9alisation <\/span><span style=\"font-size: xx-small; color: rgba(0, 0, 0, 0);\">pose de toitures, installation de bardages, conception de structures m\u00e9talliques, SARL Kubowski, service de qualit\u00e9, expertise technique, respect des d\u00e9lais, solutions adapt\u00e9es, exigences des projets, b\u00e2timents industriels, b\u00e2timents commerciaux, b\u00e2timents r\u00e9sidentiels, 10 ans d\u2019exp\u00e9rience, savoir-faire reconnu, couverture, bardage, charpente m\u00e9tallique, \u00e9quipes qualifi\u00e9es, mat\u00e9riaux de qualit\u00e9, finitions soign\u00e9es, prise en charge compl\u00e8te, devis, r\u00e9alisation.<\/span><\/li>\n<\/ul>\n<p>[\/et_pb_text][\/et_pb_column][\/et_pb_row][\/et_pb_section][et_pb_section fb_built=\u00a0\u00bb1&Prime; admin_label=\u00a0\u00bbAbout\u00a0\u00bb _builder_version=\u00a0\u00bb4.21.0&Prime; _module_preset=\u00a0\u00bbdefault\u00a0\u00bb hover_enabled=\u00a0\u00bb0&Prime; collapsed=\u00a0\u00bbon\u00a0\u00bb global_colors_info=\u00a0\u00bb{}\u00a0\u00bb custom_margin=\u00a0\u00bb-5%||||false|false\u00a0\u00bb sticky_enabled=\u00a0\u00bb0&Prime; custom_margin_last_edited=\u00a0\u00bbon|phone\u00a0\u00bb custom_margin_phone=\u00a0\u00bb-60%||||false|false\u00a0\u00bb custom_margin_tablet=\u00a0\u00bb-5%||||false|false\u00a0\u00bb][et_pb_row column_structure=\u00a0\u00bb1_3,1_3,1_3&Prime; _builder_version=\u00a0\u00bb4.21.0&Prime; _module_preset=\u00a0\u00bbdefault\u00a0\u00bb max_width=\u00a0\u00bb1800px\u00a0\u00bb global_colors_info=\u00a0\u00bb{}\u00a0\u00bb][et_pb_column type=\u00a0\u00bb1_3&Prime; _builder_version=\u00a0\u00bb4.22.0&Prime; _module_preset=\u00a0\u00bbdefault\u00a0\u00bb global_colors_info=\u00a0\u00bb{}\u00a0\u00bb][et_pb_image src=\u00a0\u00bbhttps:\/\/wwwsarlkubowski.com\/wp-content\/uploads\/2025\/02\/Photo-sarlkubowski-realisationS-01.jpg\u00a0\u00bb title_text=\u00a0\u00bbPhoto sarlkubowski realisationS-01&Prime; url=\u00a0\u00bb@ET-DC@eyJkeW5hbWljIjp0cnVlLCJjb250ZW50IjoicG9zdF9saW5rX3VybF9wYWdlIiwic2V0dGluZ3MiOnsicG9zdF9pZCI6IjEzNiJ9fQ==@\u00a0\u00bb _builder_version=\u00a0\u00bb4.21.0&Prime; _dynamic_attributes=\u00a0\u00bburl\u00a0\u00bb _module_preset=\u00a0\u00bbdefault\u00a0\u00bb global_colors_info=\u00a0\u00bb{}\u00a0\u00bb][\/et_pb_image][et_pb_text _builder_version=\u00a0\u00bb4.21.0&Prime; _dynamic_attributes=\u00a0\u00bblink_option_url\u00a0\u00bb _module_preset=\u00a0\u00bbdefault\u00a0\u00bb text_font=\u00a0\u00bbOswald||||||||\u00a0\u00bb text_text_color=\u00a0\u00bb#000000&Prime; text_font_size=\u00a0\u00bb200%\u00a0\u00bb header_font=\u00a0\u00bbOswald|700|||||||\u00a0\u00bb max_width=\u00a0\u00bb1440px\u00a0\u00bb custom_margin=\u00a0\u00bb||10px||false|false\u00a0\u00bb link_option_url=\u00a0\u00bb@ET-DC@eyJkeW5hbWljIjp0cnVlLCJjb250ZW50IjoicG9zdF9saW5rX3VybF9wYWdlIiwic2V0dGluZ3MiOnsicG9zdF9pZCI6IjEzNiJ9fQ==@\u00a0\u00bb global_colors_info=\u00a0\u00bb{}\u00a0\u00bb]<\/p>\n<p style=\"text-align: center;\">COUVERTURE<\/p>\n<p>[\/et_pb_text][\/et_pb_column][et_pb_column type=\u00a0\u00bb1_3&Prime; _builder_version=\u00a0\u00bb4.22.0&Prime; _module_preset=\u00a0\u00bbdefault\u00a0\u00bb global_colors_info=\u00a0\u00bb{}\u00a0\u00bb][et_pb_image src=\u00a0\u00bbhttps:\/\/wwwsarlkubowski.com\/wp-content\/uploads\/2025\/02\/Photo-sarlkubowski-realisation-11.jpg\u00a0\u00bb title_text=\u00a0\u00bbPhoto-sarlkubowski-realisation-11&Prime; url=\u00a0\u00bb@ET-DC@eyJkeW5hbWljIjp0cnVlLCJjb250ZW50IjoicG9zdF9saW5rX3VybF9wYWdlIiwic2V0dGluZ3MiOnsicG9zdF9pZCI6IjE0NiJ9fQ==@\u00a0\u00bb _builder_version=\u00a0\u00bb4.21.0&Prime; _dynamic_attributes=\u00a0\u00bburl\u00a0\u00bb _module_preset=\u00a0\u00bbdefault\u00a0\u00bb global_colors_info=\u00a0\u00bb{}\u00a0\u00bb][\/et_pb_image][et_pb_text _builder_version=\u00a0\u00bb4.21.0&Prime; _dynamic_attributes=\u00a0\u00bblink_option_url\u00a0\u00bb _module_preset=\u00a0\u00bbdefault\u00a0\u00bb text_font=\u00a0\u00bbOswald||||||||\u00a0\u00bb text_text_color=\u00a0\u00bb#000000&Prime; text_font_size=\u00a0\u00bb200%\u00a0\u00bb header_font=\u00a0\u00bbOswald|700|||||||\u00a0\u00bb max_width=\u00a0\u00bb1440px\u00a0\u00bb custom_margin=\u00a0\u00bb||10px||false|false\u00a0\u00bb link_option_url=\u00a0\u00bb@ET-DC@eyJkeW5hbWljIjp0cnVlLCJjb250ZW50IjoicG9zdF9saW5rX3VybF9wYWdlIiwic2V0dGluZ3MiOnsicG9zdF9pZCI6IjE0NiJ9fQ==@\u00a0\u00bb locked=\u00a0\u00bboff\u00a0\u00bb global_colors_info=\u00a0\u00bb{}\u00a0\u00bb]<\/p>\n<p style=\"text-align: center;\">BARDAGE<\/p>\n<p>[\/et_pb_text][\/et_pb_column][et_pb_column type=\u00a0\u00bb1_3&Prime; _builder_version=\u00a0\u00bb4.22.0&Prime; _module_preset=\u00a0\u00bbdefault\u00a0\u00bb global_colors_info=\u00a0\u00bb{}\u00a0\u00bb][et_pb_image src=\u00a0\u00bbhttps:\/\/wwwsarlkubowski.com\/wp-content\/uploads\/2025\/02\/Photo-sarlkubowski-realisation-13.jpg\u00a0\u00bb title_text=\u00a0\u00bbPhoto-sarlkubowski-realisation-13&Prime; url=\u00a0\u00bb@ET-DC@eyJkeW5hbWljIjp0cnVlLCJjb250ZW50IjoicG9zdF9saW5rX3VybF9wYWdlIiwic2V0dGluZ3MiOnsicG9zdF9pZCI6IjE1MCJ9fQ==@\u00a0\u00bb _builder_version=\u00a0\u00bb4.21.0&Prime; _dynamic_attributes=\u00a0\u00bburl\u00a0\u00bb _module_preset=\u00a0\u00bbdefault\u00a0\u00bb global_colors_info=\u00a0\u00bb{}\u00a0\u00bb][\/et_pb_image][et_pb_text _builder_version=\u00a0\u00bb4.21.0&Prime; _dynamic_attributes=\u00a0\u00bblink_option_url\u00a0\u00bb _module_preset=\u00a0\u00bbdefault\u00a0\u00bb text_font=\u00a0\u00bbOswald|||on|||||\u00a0\u00bb text_text_color=\u00a0\u00bb#000000&Prime; text_font_size=\u00a0\u00bb200%\u00a0\u00bb header_font=\u00a0\u00bbOswald|700|||||||\u00a0\u00bb max_width=\u00a0\u00bb1440px\u00a0\u00bb custom_margin=\u00a0\u00bb||10px||false|false\u00a0\u00bb link_option_url=\u00a0\u00bb@ET-DC@eyJkeW5hbWljIjp0cnVlLCJjb250ZW50IjoicG9zdF9saW5rX3VybF9wYWdlIiwic2V0dGluZ3MiOnsicG9zdF9pZCI6IjE1MCJ9fQ==@\u00a0\u00bb locked=\u00a0\u00bboff\u00a0\u00bb global_colors_info=\u00a0\u00bb{}\u00a0\u00bb]<\/p>\n<p style=\"text-align: center;\">Charpente M\u00e9tallique<\/p>\n<p>[\/et_pb_text][\/et_pb_column][\/et_pb_row][\/et_pb_section][et_pb_section fb_built=\u00a0\u00bb1&Prime; specialty=\u00a0\u00bbon\u00a0\u00bb admin_label=\u00a0\u00bbFooter\u00a0\u00bb _builder_version=\u00a0\u00bb4.21.0&Prime; _module_preset=\u00a0\u00bbdefault\u00a0\u00bb background_color=\u00a0\u00bbgcid-a93f2103-1d8b-43bb-b21d-81d84bba8b15&Prime; inner_max_width=\u00a0\u00bb1800px\u00a0\u00bb overflow-x=\u00a0\u00bbhidden\u00a0\u00bb overflow-y=\u00a0\u00bbhidden\u00a0\u00bb custom_padding=\u00a0\u00bb||0px|||\u00a0\u00bb saved_tabs=\u00a0\u00bball\u00a0\u00bb locked=\u00a0\u00bboff\u00a0\u00bb global_colors_info=\u00a0\u00bb{%22gcid-a93f2103-1d8b-43bb-b21d-81d84bba8b15%22:%91%22background_color%22%93}\u00a0\u00bb][et_pb_column type=\u00a0\u00bb3_4&Prime; specialty_columns=\u00a0\u00bb3&Prime; _builder_version=\u00a0\u00bb4.16&Prime; _module_preset=\u00a0\u00bbdefault\u00a0\u00bb custom_padding=\u00a0\u00bb|||\u00a0\u00bb global_colors_info=\u00a0\u00bb{}\u00a0\u00bb custom_padding__hover=\u00a0\u00bb|||\u00a0\u00bb][et_pb_row_inner _builder_version=\u00a0\u00bb4.21.0&Prime; _module_preset=\u00a0\u00bbdefault\u00a0\u00bb custom_padding=\u00a0\u00bb||20px||false|false\u00a0\u00bb locked=\u00a0\u00bboff\u00a0\u00bb global_colors_info=\u00a0\u00bb{}\u00a0\u00bb][et_pb_column_inner saved_specialty_column_type=\u00a0\u00bb3_4&Prime; _builder_version=\u00a0\u00bb4.22.0&Prime; _module_preset=\u00a0\u00bbdefault\u00a0\u00bb global_colors_info=\u00a0\u00bb{}\u00a0\u00bb][et_pb_image src=\u00a0\u00bbhttps:\/\/wwwsarlkubowski.com\/wp-content\/uploads\/2025\/02\/logo-01.png\u00a0\u00bb title_text=\u00a0\u00bblogo-01&Prime; _builder_version=\u00a0\u00bb4.21.0&Prime; _module_preset=\u00a0\u00bbdefault\u00a0\u00bb width=\u00a0\u00bb40%\u00a0\u00bb custom_padding=\u00a0\u00bb||5%||false|false\u00a0\u00bb global_colors_info=\u00a0\u00bb{}\u00a0\u00bb][\/et_pb_image][\/et_pb_column_inner][\/et_pb_row_inner][et_pb_row_inner column_structure=\u00a0\u00bb1_2,1_2&Prime; _builder_version=\u00a0\u00bb4.21.0&Prime; _module_preset=\u00a0\u00bbdefault\u00a0\u00bb custom_padding=\u00a0\u00bb0px|||||\u00a0\u00bb locked=\u00a0\u00bboff\u00a0\u00bb global_colors_info=\u00a0\u00bb{}\u00a0\u00bb][et_pb_column_inner type=\u00a0\u00bb1_2&Prime; saved_specialty_column_type=\u00a0\u00bb3_4&Prime; _builder_version=\u00a0\u00bb4.22.0&Prime; _module_preset=\u00a0\u00bbdefault\u00a0\u00bb global_colors_info=\u00a0\u00bb{}\u00a0\u00bb][et_pb_blurb title=\u00a0\u00bbAddresse\u00a0\u00bb image_icon_background_color=\u00a0\u00bbgcid-a93f2103-1d8b-43bb-b21d-81d84bba8b15&Prime; _builder_version=\u00a0\u00bb4.21.0&Prime; _module_preset=\u00a0\u00bb23a744ff-051a-412c-a47c-91966718167b\u00a0\u00bb custom_margin=\u00a0\u00bb||30px||false|false\u00a0\u00bb locked=\u00a0\u00bboff\u00a0\u00bb global_colors_info=\u00a0\u00bb{%22gcid-779a3d53-700b-4950-9fae-611323b51b16%22:%91%22body_link_text_color%22%93,%22gcid-a93f2103-1d8b-43bb-b21d-81d84bba8b15%22:%91%22image_icon_background_color%22%93}\u00a0\u00bb]<\/p>\n<p><span>Lestrem, France, 62136<\/span><\/p>\n<p>[\/et_pb_blurb][et_pb_blurb title=\u00a0\u00bbPortable\u00a0\u00bb image_icon_background_color=\u00a0\u00bbgcid-a93f2103-1d8b-43bb-b21d-81d84bba8b15&Prime; _builder_version=\u00a0\u00bb4.21.0&Prime; _module_preset=\u00a0\u00bb23a744ff-051a-412c-a47c-91966718167b\u00a0\u00bb custom_margin=\u00a0\u00bb||30px||false|false\u00a0\u00bb locked=\u00a0\u00bboff\u00a0\u00bb global_colors_info=\u00a0\u00bb{%22gcid-779a3d53-700b-4950-9fae-611323b51b16%22:%91%22body_link_text_color%22,%22body_link_text_color%22,%22body_link_text_color%22%93,%22gcid-a93f2103-1d8b-43bb-b21d-81d84bba8b15%22:%91%22image_icon_background_color%22,%22image_icon_background_color%22,%22image_icon_background_color%22%93}\u00a0\u00bb]<\/p>\n<p><span>07 88 38 04 27<\/span><\/p>\n<p>[\/et_pb_blurb][\/et_pb_column_inner][et_pb_column_inner type=\u00a0\u00bb1_2&Prime; saved_specialty_column_type=\u00a0\u00bb3_4&Prime; _builder_version=\u00a0\u00bb4.22.0&Prime; _module_preset=\u00a0\u00bbdefault\u00a0\u00bb global_colors_info=\u00a0\u00bb{}\u00a0\u00bb][et_pb_blurb title=\u00a0\u00bbEmail\u00a0\u00bb image_icon_background_color=\u00a0\u00bbgcid-a93f2103-1d8b-43bb-b21d-81d84bba8b15&Prime; _builder_version=\u00a0\u00bb4.21.0&Prime; _module_preset=\u00a0\u00bb23a744ff-051a-412c-a47c-91966718167b\u00a0\u00bb custom_margin=\u00a0\u00bb||30px||false|false\u00a0\u00bb locked=\u00a0\u00bboff\u00a0\u00bb global_colors_info=\u00a0\u00bb{%22gcid-779a3d53-700b-4950-9fae-611323b51b16%22:%91%22body_link_text_color%22,%22body_link_text_color%22,%22body_link_text_color%22%93,%22gcid-a93f2103-1d8b-43bb-b21d-81d84bba8b15%22:%91%22image_icon_background_color%22,%22image_icon_background_color%22,%22image_icon_background_color%22%93}\u00a0\u00bb]<\/p>\n<p><span style=\"text-decoration: underline;\">kubowski.rudy@outlook.fr<\/span><\/p>\n<p>[\/et_pb_blurb][et_pb_button button_url=\u00a0\u00bb@ET-DC@eyJkeW5hbWljIjp0cnVlLCJjb250ZW50IjoicG9zdF9saW5rX3VybF9wYWdlIiwic2V0dGluZ3MiOnsicG9zdF9pZCI6IjE2In19@\u00a0\u00bb button_text=\u00a0\u00bbNous contacter\u00a0\u00bb _builder_version=\u00a0\u00bb4.21.0&Prime; _dynamic_attributes=\u00a0\u00bbbutton_url\u00a0\u00bb _module_preset=\u00a0\u00bb6edd7e08-df8d-44a2-a146-439b70a3b5db\u00a0\u00bb button_bg_color=\u00a0\u00bb#000000&Prime; locked=\u00a0\u00bboff\u00a0\u00bb global_colors_info=\u00a0\u00bb{}\u00a0\u00bb][\/et_pb_button][\/et_pb_column_inner][\/et_pb_row_inner][\/et_pb_column][et_pb_column type=\u00a0\u00bb1_4&Prime; disabled_on=\u00a0\u00bboff|off|off\u00a0\u00bb _builder_version=\u00a0\u00bb4.16&Prime; _module_preset=\u00a0\u00bbdefault\u00a0\u00bb custom_padding=\u00a0\u00bb|||\u00a0\u00bb global_colors_info=\u00a0\u00bb{}\u00a0\u00bb custom_padding__hover=\u00a0\u00bb|||\u00a0\u00bb][et_pb_social_media_follow _builder_version=\u00a0\u00bb4.21.0&Prime; _module_preset=\u00a0\u00bbdefault\u00a0\u00bb custom_margin=\u00a0\u00bb95%||20%||false|false\u00a0\u00bb custom_margin_tablet=\u00a0\u00bb95%||20%||false|false\u00a0\u00bb custom_margin_phone=\u00a0\u00bb1%|||5%|false|false\u00a0\u00bb custom_margin_last_edited=\u00a0\u00bbon|desktop\u00a0\u00bb global_colors_info=\u00a0\u00bb{}\u00a0\u00bb][et_pb_social_media_follow_network social_network=\u00a0\u00bbfacebook\u00a0\u00bb url=\u00a0\u00bbhttps:\/\/www.facebook.com\/p\/Sarl-Kubowski-100057232698494\/\u00a0\u00bb _builder_version=\u00a0\u00bb4.21.0&Prime; _module_preset=\u00a0\u00bbdefault\u00a0\u00bb background_color=\u00a0\u00bb#3b5998&Prime; global_colors_info=\u00a0\u00bb{}\u00a0\u00bb follow_button=\u00a0\u00bboff\u00a0\u00bb url_new_window=\u00a0\u00bbon\u00a0\u00bb]facebook[\/et_pb_social_media_follow_network][et_pb_social_media_follow_network social_network=\u00a0\u00bbinstagram\u00a0\u00bb url=\u00a0\u00bb@ET-DC@eyJkeW5hbWljIjp0cnVlLCJjb250ZW50IjoicG9zdF9saW5rX3VybF9wYWdlIiwic2V0dGluZ3MiOnsicG9zdF9pZCI6IjE4NiJ9fQ==@\u00a0\u00bb _builder_version=\u00a0\u00bb4.21.0&Prime; _dynamic_attributes=\u00a0\u00bburl\u00a0\u00bb _module_preset=\u00a0\u00bbdefault\u00a0\u00bb background_color=\u00a0\u00bb#ea2c59&Prime; global_colors_info=\u00a0\u00bb{}\u00a0\u00bb follow_button=\u00a0\u00bboff\u00a0\u00bb url_new_window=\u00a0\u00bbon\u00a0\u00bb]instagram[\/et_pb_social_media_follow_network][\/et_pb_social_media_follow][\/et_pb_column][\/et_pb_section]<\/p>\n","protected":false},"excerpt":{"rendered":"<p>Nos r\u00e9alisations &nbsp;Que ce soit pour la pose de toitures, l&rsquo;installation de bardages ou la conception de structures m\u00e9talliques, la SARL Kubowski s&rsquo;engage \u00e0 offrir un service de qualit\u00e9, alliant expertise technique et respect des d\u00e9lais. Nos solutions sont adapt\u00e9es aux exigences de chaque projet, qu&rsquo;il s&rsquo;agisse de b\u00e2timents industriels, commerciaux ou r\u00e9sidentiels. Pourquoi choisir [&hellip;]<\/p>\n","protected":false},"author":1,"featured_media":0,"parent":0,"menu_order":0,"comment_status":"closed","ping_status":"closed","template":"","meta":{"_et_pb_use_builder":"on","_et_pb_old_content":"","_et_gb_content_width":"","footnotes":""},"class_list":["post-53","page","type-page","status-publish","hentry"],"yoast_head":"<!-- This site is optimized with the Yoast SEO plugin v24.8.1 - https:\/\/yoast.com\/wordpress\/plugins\/seo\/ -->\n<title>Nos r\u00e9alisations - Sarl Kubowski<\/title>\n<meta name=\"robots\" content=\"index, follow, max-snippet:-1, max-image-preview:large, max-video-preview:-1\" \/>\n<link rel=\"canonical\" href=\"https:\/\/wwwsarlkubowski.com\/index.php\/nos-realisations\/\" \/>\n<meta property=\"og:locale\" content=\"fr_FR\" \/>\n<meta property=\"og:type\" content=\"article\" \/>\n<meta property=\"og:title\" content=\"Nos r\u00e9alisations - Sarl Kubowski\" \/>\n<meta property=\"og:description\" content=\"Nos r\u00e9alisations &nbsp;Que ce soit pour la pose de toitures, l&#039;installation de bardages ou la conception de structures m\u00e9talliques, la SARL Kubowski s&#039;engage \u00e0 offrir un service de qualit\u00e9, alliant expertise technique et respect des d\u00e9lais. Nos solutions sont adapt\u00e9es aux exigences de chaque projet, qu&#039;il s&#039;agisse de b\u00e2timents industriels, commerciaux ou r\u00e9sidentiels. Pourquoi choisir [&hellip;]\" \/>\n<meta property=\"og:url\" content=\"https:\/\/wwwsarlkubowski.com\/index.php\/nos-realisations\/\" \/>\n<meta property=\"og:site_name\" content=\"Sarl Kubowski\" \/>\n<meta property=\"article:publisher\" content=\"https:\/\/www.facebook.com\/profile.php?id=100057232698494\" \/>\n<meta property=\"article:modified_time\" content=\"2025-05-07T12:38:29+00:00\" \/>\n<meta property=\"og:image\" content=\"https:\/\/wwwsarlkubowski.com\/wp-content\/uploads\/2025\/02\/logo-01-01.png\" \/>\n\t<meta property=\"og:image:width\" content=\"2335\" \/>\n\t<meta property=\"og:image:height\" content=\"512\" \/>\n\t<meta property=\"og:image:type\" content=\"image\/png\" \/>\n<meta name=\"twitter:card\" content=\"summary_large_image\" \/>\n<meta name=\"twitter:label1\" content=\"Dur\u00e9e de lecture estim\u00e9e\" \/>\n\t<meta name=\"twitter:data1\" content=\"7 minutes\" \/>\n<script type=\"application\/ld+json\" class=\"yoast-schema-graph\">{\"@context\":\"https:\/\/schema.org\",\"@graph\":[{\"@type\":\"WebPage\",\"@id\":\"https:\/\/wwwsarlkubowski.com\/index.php\/nos-realisations\/\",\"url\":\"https:\/\/wwwsarlkubowski.com\/index.php\/nos-realisations\/\",\"name\":\"Nos r\u00e9alisations - Sarl Kubowski\",\"isPartOf\":{\"@id\":\"https:\/\/wwwsarlkubowski.com\/#website\"},\"datePublished\":\"2025-02-08T09:04:38+00:00\",\"dateModified\":\"2025-05-07T12:38:29+00:00\",\"breadcrumb\":{\"@id\":\"https:\/\/wwwsarlkubowski.com\/index.php\/nos-realisations\/#breadcrumb\"},\"inLanguage\":\"fr-FR\",\"potentialAction\":[{\"@type\":\"ReadAction\",\"target\":[\"https:\/\/wwwsarlkubowski.com\/index.php\/nos-realisations\/\"]}]},{\"@type\":\"BreadcrumbList\",\"@id\":\"https:\/\/wwwsarlkubowski.com\/index.php\/nos-realisations\/#breadcrumb\",\"itemListElement\":[{\"@type\":\"ListItem\",\"position\":1,\"name\":\"Accueil\",\"item\":\"https:\/\/wwwsarlkubowski.com\/\"},{\"@type\":\"ListItem\",\"position\":2,\"name\":\"Nos r\u00e9alisations\"}]},{\"@type\":\"WebSite\",\"@id\":\"https:\/\/wwwsarlkubowski.com\/#website\",\"url\":\"https:\/\/wwwsarlkubowski.com\/\",\"name\":\"Sarl Kubowski\",\"description\":\"Couverture - Bardage - Charpente M\u00e9tallique\",\"publisher\":{\"@id\":\"https:\/\/wwwsarlkubowski.com\/#organization\"},\"alternateName\":\"wwwsarlkubowski.fr\",\"potentialAction\":[{\"@type\":\"SearchAction\",\"target\":{\"@type\":\"EntryPoint\",\"urlTemplate\":\"https:\/\/wwwsarlkubowski.com\/?s={search_term_string}\"},\"query-input\":{\"@type\":\"PropertyValueSpecification\",\"valueRequired\":true,\"valueName\":\"search_term_string\"}}],\"inLanguage\":\"fr-FR\"},{\"@type\":\"Organization\",\"@id\":\"https:\/\/wwwsarlkubowski.com\/#organization\",\"name\":\"Sarl Kubowski\",\"url\":\"https:\/\/wwwsarlkubowski.com\/\",\"logo\":{\"@type\":\"ImageObject\",\"inLanguage\":\"fr-FR\",\"@id\":\"https:\/\/wwwsarlkubowski.com\/#\/schema\/logo\/image\/\",\"url\":\"http:\/\/wwwsarlkubowski.com\/wp-content\/uploads\/2025\/02\/logo-01.png\",\"contentUrl\":\"http:\/\/wwwsarlkubowski.com\/wp-content\/uploads\/2025\/02\/logo-01.png\",\"width\":2335,\"height\":642,\"caption\":\"Sarl Kubowski\"},\"image\":{\"@id\":\"https:\/\/wwwsarlkubowski.com\/#\/schema\/logo\/image\/\"},\"sameAs\":[\"https:\/\/www.facebook.com\/profile.php?id=100057232698494\"]}]}<\/script>\n<!-- \/ Yoast SEO plugin. -->","yoast_head_json":{"title":"Nos r\u00e9alisations - Sarl Kubowski","robots":{"index":"index","follow":"follow","max-snippet":"max-snippet:-1","max-image-preview":"max-image-preview:large","max-video-preview":"max-video-preview:-1"},"canonical":"https:\/\/wwwsarlkubowski.com\/index.php\/nos-realisations\/","og_locale":"fr_FR","og_type":"article","og_title":"Nos r\u00e9alisations - Sarl Kubowski","og_description":"Nos r\u00e9alisations &nbsp;Que ce soit pour la pose de toitures, l'installation de bardages ou la conception de structures m\u00e9talliques, la SARL Kubowski s'engage \u00e0 offrir un service de qualit\u00e9, alliant expertise technique et respect des d\u00e9lais. Nos solutions sont adapt\u00e9es aux exigences de chaque projet, qu'il s'agisse de b\u00e2timents industriels, commerciaux ou r\u00e9sidentiels. Pourquoi choisir [&hellip;]","og_url":"https:\/\/wwwsarlkubowski.com\/index.php\/nos-realisations\/","og_site_name":"Sarl Kubowski","article_publisher":"https:\/\/www.facebook.com\/profile.php?id=100057232698494","article_modified_time":"2025-05-07T12:38:29+00:00","og_image":[{"width":2335,"height":512,"url":"https:\/\/wwwsarlkubowski.com\/wp-content\/uploads\/2025\/02\/logo-01-01.png","type":"image\/png"}],"twitter_card":"summary_large_image","twitter_misc":{"Dur\u00e9e de lecture estim\u00e9e":"7 minutes"},"schema":{"@context":"https:\/\/schema.org","@graph":[{"@type":"WebPage","@id":"https:\/\/wwwsarlkubowski.com\/index.php\/nos-realisations\/","url":"https:\/\/wwwsarlkubowski.com\/index.php\/nos-realisations\/","name":"Nos r\u00e9alisations - Sarl Kubowski","isPartOf":{"@id":"https:\/\/wwwsarlkubowski.com\/#website"},"datePublished":"2025-02-08T09:04:38+00:00","dateModified":"2025-05-07T12:38:29+00:00","breadcrumb":{"@id":"https:\/\/wwwsarlkubowski.com\/index.php\/nos-realisations\/#breadcrumb"},"inLanguage":"fr-FR","potentialAction":[{"@type":"ReadAction","target":["https:\/\/wwwsarlkubowski.com\/index.php\/nos-realisations\/"]}]},{"@type":"BreadcrumbList","@id":"https:\/\/wwwsarlkubowski.com\/index.php\/nos-realisations\/#breadcrumb","itemListElement":[{"@type":"ListItem","position":1,"name":"Accueil","item":"https:\/\/wwwsarlkubowski.com\/"},{"@type":"ListItem","position":2,"name":"Nos r\u00e9alisations"}]},{"@type":"WebSite","@id":"https:\/\/wwwsarlkubowski.com\/#website","url":"https:\/\/wwwsarlkubowski.com\/","name":"Sarl Kubowski","description":"Couverture - Bardage - Charpente M\u00e9tallique","publisher":{"@id":"https:\/\/wwwsarlkubowski.com\/#organization"},"alternateName":"wwwsarlkubowski.fr","potentialAction":[{"@type":"SearchAction","target":{"@type":"EntryPoint","urlTemplate":"https:\/\/wwwsarlkubowski.com\/?s={search_term_string}"},"query-input":{"@type":"PropertyValueSpecification","valueRequired":true,"valueName":"search_term_string"}}],"inLanguage":"fr-FR"},{"@type":"Organization","@id":"https:\/\/wwwsarlkubowski.com\/#organization","name":"Sarl Kubowski","url":"https:\/\/wwwsarlkubowski.com\/","logo":{"@type":"ImageObject","inLanguage":"fr-FR","@id":"https:\/\/wwwsarlkubowski.com\/#\/schema\/logo\/image\/","url":"http:\/\/wwwsarlkubowski.com\/wp-content\/uploads\/2025\/02\/logo-01.png","contentUrl":"http:\/\/wwwsarlkubowski.com\/wp-content\/uploads\/2025\/02\/logo-01.png","width":2335,"height":642,"caption":"Sarl Kubowski"},"image":{"@id":"https:\/\/wwwsarlkubowski.com\/#\/schema\/logo\/image\/"},"sameAs":["https:\/\/www.facebook.com\/profile.php?id=100057232698494"]}]}},"_links":{"self":[{"href":"https:\/\/wwwsarlkubowski.com\/index.php\/wp-json\/wp\/v2\/pages\/53","targetHints":{"allow":["GET"]}}],"collection":[{"href":"https:\/\/wwwsarlkubowski.com\/index.php\/wp-json\/wp\/v2\/pages"}],"about":[{"href":"https:\/\/wwwsarlkubowski.com\/index.php\/wp-json\/wp\/v2\/types\/page"}],"author":[{"embeddable":true,"href":"https:\/\/wwwsarlkubowski.com\/index.php\/wp-json\/wp\/v2\/users\/1"}],"replies":[{"embeddable":true,"href":"https:\/\/wwwsarlkubowski.com\/index.php\/wp-json\/wp\/v2\/comments?post=53"}],"version-history":[{"count":25,"href":"https:\/\/wwwsarlkubowski.com\/index.php\/wp-json\/wp\/v2\/pages\/53\/revisions"}],"predecessor-version":[{"id":301,"href":"https:\/\/wwwsarlkubowski.com\/index.php\/wp-json\/wp\/v2\/pages\/53\/revisions\/301"}],"wp:attachment":[{"href":"https:\/\/wwwsarlkubowski.com\/index.php\/wp-json\/wp\/v2\/media?parent=53"}],"curies":[{"name":"wp","href":"https:\/\/api.w.org\/{rel}","templated":true}]}}